{"id":205,"date":"2025-01-20T16:44:24","date_gmt":"2025-01-20T15:44:24","guid":{"rendered":"http:\/\/www.great4mobility.com\/?page_id=205"},"modified":"2025-01-20T16:44:24","modified_gmt":"2025-01-20T15:44:24","slug":"les-indispensables","status":"publish","type":"page","link":"https:\/\/www.great4mobility.com\/index.php\/les-indispensables\/","title":{"rendered":"Les indispensables"},"content":{"rendered":"","protected":false},"excerpt":{"rendered":"","protected":false},"author":2,"featured_media":0,"parent":0,"menu_order":0,"comment_status":"closed","ping_status":"closed","template":"","meta":{"_et_pb_use_builder":"","_et_pb_old_content":"","_et_gb_content_width":"","footnotes":""},"class_list":["post-205","page","type-page","status-publish","hentry"],"yoast_head":"<!-- This site is optimized with the Yoast SEO plugin v27.5 - https:\/\/yoast.com\/product\/yoast-seo-wordpress\/ -->\n<title>Les indispensables - G4m - GREAT4mobility<\/title>\n<meta name=\"robots\" content=\"index, follow, max-snippet:-1, max-image-preview:large, max-video-preview:-1\" \/>\n<link rel=\"canonical\" href=\"http:\/\/www.great4mobility.com\/index.php\/les-indispensables\/\" \/>\n<meta property=\"og:locale\" content=\"en_US\" \/>\n<meta property=\"og:type\" content=\"article\" \/>\n<meta property=\"og:title\" content=\"Les indispensables - G4m - GREAT4mobility\" \/>\n<meta property=\"og:url\" content=\"http:\/\/www.great4mobility.com\/index.php\/les-indispensables\/\" \/>\n<meta property=\"og:site_name\" content=\"G4m - GREAT4mobility\" \/>\n<meta name=\"twitter:card\" content=\"summary_large_image\" \/>\n<script type=\"application\/ld+json\" class=\"yoast-schema-graph\">{\"@context\":\"https:\\\/\\\/schema.org\",\"@graph\":[{\"@type\":\"WebPage\",\"@id\":\"http:\\\/\\\/www.great4mobility.com\\\/index.php\\\/les-indispensables\\\/\",\"url\":\"http:\\\/\\\/www.great4mobility.com\\\/index.php\\\/les-indispensables\\\/\",\"name\":\"Les indispensables - G4m - GREAT4mobility\",\"isPartOf\":{\"@id\":\"http:\\\/\\\/www.great4mobility.com\\\/#website\"},\"datePublished\":\"2025-01-20T15:44:24+00:00\",\"breadcrumb\":{\"@id\":\"http:\\\/\\\/www.great4mobility.com\\\/index.php\\\/les-indispensables\\\/#breadcrumb\"},\"inLanguage\":\"en-US\",\"potentialAction\":[{\"@type\":\"ReadAction\",\"target\":[\"http:\\\/\\\/www.great4mobility.com\\\/index.php\\\/les-indispensables\\\/\"]}]},{\"@type\":\"BreadcrumbList\",\"@id\":\"http:\\\/\\\/www.great4mobility.com\\\/index.php\\\/les-indispensables\\\/#breadcrumb\",\"itemListElement\":[{\"@type\":\"ListItem\",\"position\":1,\"name\":\"Accueil\",\"item\":\"http:\\\/\\\/www.great4mobility.com\\\/\"},{\"@type\":\"ListItem\",\"position\":2,\"name\":\"Les indispensables\"}]},{\"@type\":\"WebSite\",\"@id\":\"http:\\\/\\\/www.great4mobility.com\\\/#website\",\"url\":\"http:\\\/\\\/www.great4mobility.com\\\/\",\"name\":\"G4m - GREAT4mobility\",\"description\":\"Fabricant de s\u00e9r\u00e9nit\u00e9 urbaine\",\"potentialAction\":[{\"@type\":\"SearchAction\",\"target\":{\"@type\":\"EntryPoint\",\"urlTemplate\":\"http:\\\/\\\/www.great4mobility.com\\\/?s={search_term_string}\"},\"query-input\":{\"@type\":\"PropertyValueSpecification\",\"valueRequired\":true,\"valueName\":\"search_term_string\"}}],\"inLanguage\":\"en-US\"}]}<\/script>\n<!-- \/ Yoast SEO plugin. -->","yoast_head_json":{"title":"Les indispensables - G4m - GREAT4mobility","robots":{"index":"index","follow":"follow","max-snippet":"max-snippet:-1","max-image-preview":"max-image-preview:large","max-video-preview":"max-video-preview:-1"},"canonical":"http:\/\/www.great4mobility.com\/index.php\/les-indispensables\/","og_locale":"en_US","og_type":"article","og_title":"Les indispensables - G4m - GREAT4mobility","og_url":"http:\/\/www.great4mobility.com\/index.php\/les-indispensables\/","og_site_name":"G4m - GREAT4mobility","twitter_card":"summary_large_image","schema":{"@context":"https:\/\/schema.org","@graph":[{"@type":"WebPage","@id":"http:\/\/www.great4mobility.com\/index.php\/les-indispensables\/","url":"http:\/\/www.great4mobility.com\/index.php\/les-indispensables\/","name":"Les indispensables - G4m - GREAT4mobility","isPartOf":{"@id":"http:\/\/www.great4mobility.com\/#website"},"datePublished":"2025-01-20T15:44:24+00:00","breadcrumb":{"@id":"http:\/\/www.great4mobility.com\/index.php\/les-indispensables\/#breadcrumb"},"inLanguage":"en-US","potentialAction":[{"@type":"ReadAction","target":["http:\/\/www.great4mobility.com\/index.php\/les-indispensables\/"]}]},{"@type":"BreadcrumbList","@id":"http:\/\/www.great4mobility.com\/index.php\/les-indispensables\/#breadcrumb","itemListElement":[{"@type":"ListItem","position":1,"name":"Accueil","item":"http:\/\/www.great4mobility.com\/"},{"@type":"ListItem","position":2,"name":"Les indispensables"}]},{"@type":"WebSite","@id":"http:\/\/www.great4mobility.com\/#website","url":"http:\/\/www.great4mobility.com\/","name":"G4m - GREAT4mobility","description":"Fabricant de s\u00e9r\u00e9nit\u00e9 urbaine","potentialAction":[{"@type":"SearchAction","target":{"@type":"EntryPoint","urlTemplate":"http:\/\/www.great4mobility.com\/?s={search_term_string}"},"query-input":{"@type":"PropertyValueSpecification","valueRequired":true,"valueName":"search_term_string"}}],"inLanguage":"en-US"}]}},"jetpack_sharing_enabled":true,"_links":{"self":[{"href":"https:\/\/www.great4mobility.com\/index.php\/wp-json\/wp\/v2\/pages\/205","targetHints":{"allow":["GET"]}}],"collection":[{"href":"https:\/\/www.great4mobility.com\/index.php\/wp-json\/wp\/v2\/pages"}],"about":[{"href":"https:\/\/www.great4mobility.com\/index.php\/wp-json\/wp\/v2\/types\/page"}],"author":[{"embeddable":true,"href":"https:\/\/www.great4mobility.com\/index.php\/wp-json\/wp\/v2\/users\/2"}],"replies":[{"embeddable":true,"href":"https:\/\/www.great4mobility.com\/index.php\/wp-json\/wp\/v2\/comments?post=205"}],"version-history":[{"count":1,"href":"https:\/\/www.great4mobility.com\/index.php\/wp-json\/wp\/v2\/pages\/205\/revisions"}],"predecessor-version":[{"id":208,"href":"https:\/\/www.great4mobility.com\/index.php\/wp-json\/wp\/v2\/pages\/205\/revisions\/208"}],"wp:attachment":[{"href":"https:\/\/www.great4mobility.com\/index.php\/wp-json\/wp\/v2\/media?parent=205"}],"curies":[{"name":"wp","href":"https:\/\/api.w.org\/{rel}","templated":true}]}}