{"id":424,"date":"2025-02-11T12:29:48","date_gmt":"2025-02-11T11:29:48","guid":{"rendered":"http:\/\/www.great4mobility.com\/?page_id=424"},"modified":"2025-04-28T13:58:39","modified_gmt":"2025-04-28T11:58:39","slug":"quotidien","status":"publish","type":"page","link":"https:\/\/www.great4mobility.com\/index.php\/quotidien\/","title":{"rendered":"Quotidien"},"content":{"rendered":"[et_pb_section fb_built=&#8221;1&#8243; admin_label=&#8221;section&#8221; _builder_version=&#8221;4.16&#8243; global_colors_info=&#8221;{}&#8221;][et_pb_row admin_label=&#8221;row&#8221; _builder_version=&#8221;4.16&#8243; background_size=&#8221;initial&#8221; background_position=&#8221;top_left&#8221; background_repeat=&#8221;repeat&#8221; global_colors_info=&#8221;{}&#8221;][et_pb_column type=&#8221;4_4&#8243; _builder_version=&#8221;4.16&#8243; custom_padding=&#8221;|||&#8221; global_colors_info=&#8221;{}&#8221; custom_padding__hover=&#8221;|||&#8221;][et_pb_text admin_label=&#8221;Text&#8221; _builder_version=&#8221;4.16&#8243; background_size=&#8221;initial&#8221; background_position=&#8221;top_left&#8221; background_repeat=&#8221;repeat&#8221; global_colors_info=&#8221;{}&#8221;][\/et_pb_text][\/et_pb_column][\/et_pb_row][\/et_pb_section][et_pb_section fb_built=&#8221;1&#8243; admin_label=&#8221;section&#8221; _builder_version=&#8221;4.16&#8243; global_colors_info=&#8221;{}&#8221;][et_pb_row admin_label=&#8221;row&#8221; _builder_version=&#8221;4.16&#8243; background_size=&#8221;initial&#8221; background_position=&#8221;top_left&#8221; background_repeat=&#8221;repeat&#8221; global_colors_info=&#8221;{}&#8221; column_structure=&#8221;1_2,1_2&#8243;][et_pb_column type=&#8221;1_2&#8243; _builder_version=&#8221;4.16&#8243; custom_padding=&#8221;|||&#8221; global_colors_info=&#8221;{}&#8221; custom_padding__hover=&#8221;|||&#8221;][et_pb_text admin_label=&#8221;Text&#8221; _builder_version=&#8221;4.16&#8243; background_size=&#8221;initial&#8221; background_position=&#8221;top_left&#8221; background_repeat=&#8221;repeat&#8221; global_colors_info=&#8221;{}&#8221;][\/et_pb_text][\/et_pb_column][et_pb_column type=&#8221;1_2&#8243; _builder_version=&#8221;4.16&#8243; custom_padding=&#8221;|||&#8221; global_colors_info=&#8221;{}&#8221; custom_padding__hover=&#8221;|||&#8221;][\/et_pb_column][\/et_pb_row][\/et_pb_section]","protected":false},"excerpt":{"rendered":"","protected":false},"author":2,"featured_media":0,"parent":0,"menu_order":0,"comment_status":"closed","ping_status":"closed","template":"","meta":{"_et_pb_use_builder":"on","_et_pb_old_content":"<!-- wp:divi\/placeholder \/-->","_et_gb_content_width":"","footnotes":""},"class_list":["post-424","page","type-page","status-publish","hentry"],"yoast_head":"<!-- This site is optimized with the Yoast SEO plugin v27.5 - https:\/\/yoast.com\/product\/yoast-seo-wordpress\/ -->\n<title>Quotidien - G4m - GREAT4mobility<\/title>\n<meta name=\"robots\" content=\"index, follow, max-snippet:-1, max-image-preview:large, max-video-preview:-1\" \/>\n<link rel=\"canonical\" href=\"https:\/\/www.great4mobility.com\/index.php\/quotidien\/\" \/>\n<meta property=\"og:locale\" content=\"en_US\" \/>\n<meta property=\"og:type\" content=\"article\" \/>\n<meta property=\"og:title\" content=\"Quotidien - G4m - GREAT4mobility\" \/>\n<meta property=\"og:url\" content=\"https:\/\/www.great4mobility.com\/index.php\/quotidien\/\" \/>\n<meta property=\"og:site_name\" content=\"G4m - GREAT4mobility\" \/>\n<meta property=\"article:modified_time\" content=\"2025-04-28T11:58:39+00:00\" \/>\n<meta name=\"twitter:card\" content=\"summary_large_image\" \/>\n<script type=\"application\/ld+json\" class=\"yoast-schema-graph\">{\"@context\":\"https:\\\/\\\/schema.org\",\"@graph\":[{\"@type\":\"WebPage\",\"@id\":\"https:\\\/\\\/www.great4mobility.com\\\/index.php\\\/quotidien\\\/\",\"url\":\"https:\\\/\\\/www.great4mobility.com\\\/index.php\\\/quotidien\\\/\",\"name\":\"Quotidien - G4m - GREAT4mobility\",\"isPartOf\":{\"@id\":\"http:\\\/\\\/www.great4mobility.com\\\/#website\"},\"datePublished\":\"2025-02-11T11:29:48+00:00\",\"dateModified\":\"2025-04-28T11:58:39+00:00\",\"breadcrumb\":{\"@id\":\"https:\\\/\\\/www.great4mobility.com\\\/index.php\\\/quotidien\\\/#breadcrumb\"},\"inLanguage\":\"en-US\",\"potentialAction\":[{\"@type\":\"ReadAction\",\"target\":[\"https:\\\/\\\/www.great4mobility.com\\\/index.php\\\/quotidien\\\/\"]}]},{\"@type\":\"BreadcrumbList\",\"@id\":\"https:\\\/\\\/www.great4mobility.com\\\/index.php\\\/quotidien\\\/#breadcrumb\",\"itemListElement\":[{\"@type\":\"ListItem\",\"position\":1,\"name\":\"Accueil\",\"item\":\"http:\\\/\\\/www.great4mobility.com\\\/\"},{\"@type\":\"ListItem\",\"position\":2,\"name\":\"Quotidien\"}]},{\"@type\":\"WebSite\",\"@id\":\"http:\\\/\\\/www.great4mobility.com\\\/#website\",\"url\":\"http:\\\/\\\/www.great4mobility.com\\\/\",\"name\":\"G4m - GREAT4mobility\",\"description\":\"Fabricant de s\u00e9r\u00e9nit\u00e9 urbaine\",\"potentialAction\":[{\"@type\":\"SearchAction\",\"target\":{\"@type\":\"EntryPoint\",\"urlTemplate\":\"http:\\\/\\\/www.great4mobility.com\\\/?s={search_term_string}\"},\"query-input\":{\"@type\":\"PropertyValueSpecification\",\"valueRequired\":true,\"valueName\":\"search_term_string\"}}],\"inLanguage\":\"en-US\"}]}<\/script>\n<!-- \/ Yoast SEO plugin. -->","yoast_head_json":{"title":"Quotidien - G4m - GREAT4mobility","robots":{"index":"index","follow":"follow","max-snippet":"max-snippet:-1","max-image-preview":"max-image-preview:large","max-video-preview":"max-video-preview:-1"},"canonical":"https:\/\/www.great4mobility.com\/index.php\/quotidien\/","og_locale":"en_US","og_type":"article","og_title":"Quotidien - G4m - GREAT4mobility","og_url":"https:\/\/www.great4mobility.com\/index.php\/quotidien\/","og_site_name":"G4m - GREAT4mobility","article_modified_time":"2025-04-28T11:58:39+00:00","twitter_card":"summary_large_image","schema":{"@context":"https:\/\/schema.org","@graph":[{"@type":"WebPage","@id":"https:\/\/www.great4mobility.com\/index.php\/quotidien\/","url":"https:\/\/www.great4mobility.com\/index.php\/quotidien\/","name":"Quotidien - G4m - GREAT4mobility","isPartOf":{"@id":"http:\/\/www.great4mobility.com\/#website"},"datePublished":"2025-02-11T11:29:48+00:00","dateModified":"2025-04-28T11:58:39+00:00","breadcrumb":{"@id":"https:\/\/www.great4mobility.com\/index.php\/quotidien\/#breadcrumb"},"inLanguage":"en-US","potentialAction":[{"@type":"ReadAction","target":["https:\/\/www.great4mobility.com\/index.php\/quotidien\/"]}]},{"@type":"BreadcrumbList","@id":"https:\/\/www.great4mobility.com\/index.php\/quotidien\/#breadcrumb","itemListElement":[{"@type":"ListItem","position":1,"name":"Accueil","item":"http:\/\/www.great4mobility.com\/"},{"@type":"ListItem","position":2,"name":"Quotidien"}]},{"@type":"WebSite","@id":"http:\/\/www.great4mobility.com\/#website","url":"http:\/\/www.great4mobility.com\/","name":"G4m - GREAT4mobility","description":"Fabricant de s\u00e9r\u00e9nit\u00e9 urbaine","potentialAction":[{"@type":"SearchAction","target":{"@type":"EntryPoint","urlTemplate":"http:\/\/www.great4mobility.com\/?s={search_term_string}"},"query-input":{"@type":"PropertyValueSpecification","valueRequired":true,"valueName":"search_term_string"}}],"inLanguage":"en-US"}]}},"jetpack_sharing_enabled":true,"_links":{"self":[{"href":"https:\/\/www.great4mobility.com\/index.php\/wp-json\/wp\/v2\/pages\/424","targetHints":{"allow":["GET"]}}],"collection":[{"href":"https:\/\/www.great4mobility.com\/index.php\/wp-json\/wp\/v2\/pages"}],"about":[{"href":"https:\/\/www.great4mobility.com\/index.php\/wp-json\/wp\/v2\/types\/page"}],"author":[{"embeddable":true,"href":"https:\/\/www.great4mobility.com\/index.php\/wp-json\/wp\/v2\/users\/2"}],"replies":[{"embeddable":true,"href":"https:\/\/www.great4mobility.com\/index.php\/wp-json\/wp\/v2\/comments?post=424"}],"version-history":[{"count":3,"href":"https:\/\/www.great4mobility.com\/index.php\/wp-json\/wp\/v2\/pages\/424\/revisions"}],"predecessor-version":[{"id":663,"href":"https:\/\/www.great4mobility.com\/index.php\/wp-json\/wp\/v2\/pages\/424\/revisions\/663"}],"wp:attachment":[{"href":"https:\/\/www.great4mobility.com\/index.php\/wp-json\/wp\/v2\/media?parent=424"}],"curies":[{"name":"wp","href":"https:\/\/api.w.org\/{rel}","templated":true}]}}