{"id":429,"date":"2025-02-11T12:33:26","date_gmt":"2025-02-11T11:33:26","guid":{"rendered":"http:\/\/www.great4mobility.com\/?page_id=429"},"modified":"2025-05-05T11:15:48","modified_gmt":"2025-05-05T09:15:48","slug":"aventures","status":"publish","type":"page","link":"https:\/\/www.great4mobility.com\/index.php\/aventures\/","title":{"rendered":"Aventures"},"content":{"rendered":"<p>[et_pb_section fb_built=&#8221;1&#8243; theme_builder_area=&#8221;post_content&#8221; _builder_version=&#8221;4.27.4&#8243; _module_preset=&#8221;default&#8221;][et_pb_row _builder_version=&#8221;4.27.4&#8243; _module_preset=&#8221;default&#8221; theme_builder_area=&#8221;post_content&#8221;][et_pb_column _builder_version=&#8221;4.27.4&#8243; _module_preset=&#8221;default&#8221; type=&#8221;4_4&#8243; theme_builder_area=&#8221;post_content&#8221;][et_pb_image src=&#8221;http:\/\/www.great4mobility.com\/wp-content\/uploads\/2025\/04\/1-300&#215;219.png&#8221; _builder_version=&#8221;4.27.4&#8243; _module_preset=&#8221;default&#8221; theme_builder_area=&#8221;post_content&#8221; title_text=&#8221;1&#8243; align=&#8221;center&#8221; hover_enabled=&#8221;0&#8243; sticky_enabled=&#8221;0&#8243; transform_scale=&#8221;242%|242%&#8221;][\/et_pb_image][\/et_pb_column][\/et_pb_row][\/et_pb_section][et_pb_section fb_built=&#8221;1&#8243; theme_builder_area=&#8221;post_content&#8221; _builder_version=&#8221;4.27.4&#8243; _module_preset=&#8221;default&#8221;][et_pb_row _builder_version=&#8221;4.27.4&#8243; _module_preset=&#8221;default&#8221; theme_builder_area=&#8221;post_content&#8221;][et_pb_column _builder_version=&#8221;4.27.4&#8243; _module_preset=&#8221;default&#8221; type=&#8221;4_4&#8243; theme_builder_area=&#8221;post_content&#8221;][et_pb_blurb title=&#8221;Partenariat en cours de construction &#8221; _builder_version=&#8221;4.27.4&#8243; _module_preset=&#8221;default&#8221; theme_builder_area=&#8221;post_content&#8221; header_text_align=&#8221;center&#8221; header_font=&#8221;|600||on|||||&#8221; header_level=&#8221;h2&#8243; header_font_size=&#8221;31px&#8221; hover_enabled=&#8221;0&#8243; sticky_enabled=&#8221;0&#8243; header_text_color=&#8221;#6D9886&#8243;][\/et_pb_blurb][\/et_pb_column][\/et_pb_row][\/et_pb_section]<\/p>\n","protected":false},"excerpt":{"rendered":"","protected":false},"author":2,"featured_media":0,"parent":0,"menu_order":0,"comment_status":"closed","ping_status":"closed","template":"","meta":{"_et_pb_use_builder":"on","_et_pb_old_content":"<!-- wp:divi\/placeholder \/-->","_et_gb_content_width":"","footnotes":""},"class_list":["post-429","page","type-page","status-publish","hentry"],"yoast_head":"<!-- This site is optimized with the Yoast SEO plugin v27.4 - https:\/\/yoast.com\/product\/yoast-seo-wordpress\/ -->\n<title>Aventures - G4m - GREAT4mobility<\/title>\n<meta name=\"robots\" content=\"index, follow, max-snippet:-1, max-image-preview:large, max-video-preview:-1\" \/>\n<link rel=\"canonical\" href=\"https:\/\/www.great4mobility.com\/index.php\/aventures\/\" \/>\n<meta property=\"og:locale\" content=\"en_US\" \/>\n<meta property=\"og:type\" content=\"article\" \/>\n<meta property=\"og:title\" content=\"Aventures - G4m - GREAT4mobility\" \/>\n<meta property=\"og:url\" content=\"https:\/\/www.great4mobility.com\/index.php\/aventures\/\" \/>\n<meta property=\"og:site_name\" content=\"G4m - GREAT4mobility\" \/>\n<meta property=\"article:modified_time\" content=\"2025-05-05T09:15:48+00:00\" \/>\n<meta name=\"twitter:card\" content=\"summary_large_image\" \/>\n<script type=\"application\/ld+json\" class=\"yoast-schema-graph\">{\"@context\":\"https:\\\/\\\/schema.org\",\"@graph\":[{\"@type\":\"WebPage\",\"@id\":\"https:\\\/\\\/www.great4mobility.com\\\/index.php\\\/aventures\\\/\",\"url\":\"https:\\\/\\\/www.great4mobility.com\\\/index.php\\\/aventures\\\/\",\"name\":\"Aventures - G4m - GREAT4mobility\",\"isPartOf\":{\"@id\":\"http:\\\/\\\/www.great4mobility.com\\\/#website\"},\"datePublished\":\"2025-02-11T11:33:26+00:00\",\"dateModified\":\"2025-05-05T09:15:48+00:00\",\"breadcrumb\":{\"@id\":\"https:\\\/\\\/www.great4mobility.com\\\/index.php\\\/aventures\\\/#breadcrumb\"},\"inLanguage\":\"en-US\",\"potentialAction\":[{\"@type\":\"ReadAction\",\"target\":[\"https:\\\/\\\/www.great4mobility.com\\\/index.php\\\/aventures\\\/\"]}]},{\"@type\":\"BreadcrumbList\",\"@id\":\"https:\\\/\\\/www.great4mobility.com\\\/index.php\\\/aventures\\\/#breadcrumb\",\"itemListElement\":[{\"@type\":\"ListItem\",\"position\":1,\"name\":\"Accueil\",\"item\":\"http:\\\/\\\/www.great4mobility.com\\\/\"},{\"@type\":\"ListItem\",\"position\":2,\"name\":\"Aventures\"}]},{\"@type\":\"WebSite\",\"@id\":\"http:\\\/\\\/www.great4mobility.com\\\/#website\",\"url\":\"http:\\\/\\\/www.great4mobility.com\\\/\",\"name\":\"G4m - GREAT4mobility\",\"description\":\"Fabricant de s\u00e9r\u00e9nit\u00e9 urbaine\",\"potentialAction\":[{\"@type\":\"SearchAction\",\"target\":{\"@type\":\"EntryPoint\",\"urlTemplate\":\"http:\\\/\\\/www.great4mobility.com\\\/?s={search_term_string}\"},\"query-input\":{\"@type\":\"PropertyValueSpecification\",\"valueRequired\":true,\"valueName\":\"search_term_string\"}}],\"inLanguage\":\"en-US\"}]}<\/script>\n<!-- \/ Yoast SEO plugin. -->","yoast_head_json":{"title":"Aventures - G4m - GREAT4mobility","robots":{"index":"index","follow":"follow","max-snippet":"max-snippet:-1","max-image-preview":"max-image-preview:large","max-video-preview":"max-video-preview:-1"},"canonical":"https:\/\/www.great4mobility.com\/index.php\/aventures\/","og_locale":"en_US","og_type":"article","og_title":"Aventures - G4m - GREAT4mobility","og_url":"https:\/\/www.great4mobility.com\/index.php\/aventures\/","og_site_name":"G4m - GREAT4mobility","article_modified_time":"2025-05-05T09:15:48+00:00","twitter_card":"summary_large_image","schema":{"@context":"https:\/\/schema.org","@graph":[{"@type":"WebPage","@id":"https:\/\/www.great4mobility.com\/index.php\/aventures\/","url":"https:\/\/www.great4mobility.com\/index.php\/aventures\/","name":"Aventures - G4m - GREAT4mobility","isPartOf":{"@id":"http:\/\/www.great4mobility.com\/#website"},"datePublished":"2025-02-11T11:33:26+00:00","dateModified":"2025-05-05T09:15:48+00:00","breadcrumb":{"@id":"https:\/\/www.great4mobility.com\/index.php\/aventures\/#breadcrumb"},"inLanguage":"en-US","potentialAction":[{"@type":"ReadAction","target":["https:\/\/www.great4mobility.com\/index.php\/aventures\/"]}]},{"@type":"BreadcrumbList","@id":"https:\/\/www.great4mobility.com\/index.php\/aventures\/#breadcrumb","itemListElement":[{"@type":"ListItem","position":1,"name":"Accueil","item":"http:\/\/www.great4mobility.com\/"},{"@type":"ListItem","position":2,"name":"Aventures"}]},{"@type":"WebSite","@id":"http:\/\/www.great4mobility.com\/#website","url":"http:\/\/www.great4mobility.com\/","name":"G4m - GREAT4mobility","description":"Fabricant de s\u00e9r\u00e9nit\u00e9 urbaine","potentialAction":[{"@type":"SearchAction","target":{"@type":"EntryPoint","urlTemplate":"http:\/\/www.great4mobility.com\/?s={search_term_string}"},"query-input":{"@type":"PropertyValueSpecification","valueRequired":true,"valueName":"search_term_string"}}],"inLanguage":"en-US"}]}},"jetpack_sharing_enabled":true,"_links":{"self":[{"href":"https:\/\/www.great4mobility.com\/index.php\/wp-json\/wp\/v2\/pages\/429","targetHints":{"allow":["GET"]}}],"collection":[{"href":"https:\/\/www.great4mobility.com\/index.php\/wp-json\/wp\/v2\/pages"}],"about":[{"href":"https:\/\/www.great4mobility.com\/index.php\/wp-json\/wp\/v2\/types\/page"}],"author":[{"embeddable":true,"href":"https:\/\/www.great4mobility.com\/index.php\/wp-json\/wp\/v2\/users\/2"}],"replies":[{"embeddable":true,"href":"https:\/\/www.great4mobility.com\/index.php\/wp-json\/wp\/v2\/comments?post=429"}],"version-history":[{"count":5,"href":"https:\/\/www.great4mobility.com\/index.php\/wp-json\/wp\/v2\/pages\/429\/revisions"}],"predecessor-version":[{"id":698,"href":"https:\/\/www.great4mobility.com\/index.php\/wp-json\/wp\/v2\/pages\/429\/revisions\/698"}],"wp:attachment":[{"href":"https:\/\/www.great4mobility.com\/index.php\/wp-json\/wp\/v2\/media?parent=429"}],"curies":[{"name":"wp","href":"https:\/\/api.w.org\/{rel}","templated":true}]}}