{"id":572,"date":"2025-03-25T15:57:36","date_gmt":"2025-03-25T14:57:36","guid":{"rendered":"http:\/\/www.great4mobility.com\/?page_id=572"},"modified":"2025-04-30T11:22:38","modified_gmt":"2025-04-30T09:22:38","slug":"retro","status":"publish","type":"page","link":"https:\/\/www.great4mobility.com\/index.php\/retro\/","title":{"rendered":"2Twenty &#8211; Scooter Roma 2900 Watts"},"content":{"rendered":"\n[et_pb_section fb_built=&#8221;1&#8243; admin_label=&#8221;section&#8221; _builder_version=&#8221;4.27.4&#8243; global_colors_info=&#8221;{}&#8221;][et_pb_row column_structure=&#8221;1_2,1_2&#8243; _builder_version=&#8221;4.27.4&#8243; _module_preset=&#8221;default&#8221; global_colors_info=&#8221;{}&#8221;][et_pb_column type=&#8221;1_2&#8243; _builder_version=&#8221;4.27.4&#8243; _module_preset=&#8221;default&#8221; global_colors_info=&#8221;{}&#8221;][et_pb_image src=&#8221;http:\/\/www.great4mobility.com\/wp-content\/uploads\/2025\/03\/2Twenty-removebg-preview-280&#215;300.png&#8221; title_text=&#8221;2Twenty-removebg-preview&#8221; _builder_version=&#8221;4.27.4&#8243; _module_preset=&#8221;default&#8221; width=&#8221;100%&#8221; max_width=&#8221;100%&#8221; min_height=&#8221;100px&#8221; global_colors_info=&#8221;{}&#8221;][\/et_pb_image][\/et_pb_column][et_pb_column type=&#8221;1_2&#8243; _builder_version=&#8221;4.27.4&#8243; _module_preset=&#8221;default&#8221; global_colors_info=&#8221;{}&#8221;][et_pb_blurb title=&#8221;Scooter 2Twenty Roma 2900 50cc &#8211; Bleu Azur&#8221; _builder_version=&#8221;4.27.4&#8243; _module_preset=&#8221;default&#8221; header_level=&#8221;h2&#8243; header_text_color=&#8221;#3C6F71&#8243; body_font_size=&#8221;17px&#8221; global_colors_info=&#8221;{}&#8221;]<p><span>Scooter \u00e9lectrique \u00e0 deux places, sans permis, \u00e9quivalent 50 cc<\/span><br \/><span>\u2013 Vitesse max : 45 km\/h<\/span><br \/><span>\u2013 Puissance : 2 900 Watts<\/span><br \/><span>\u2013 Autonomie : 50 km avec 1 batterie, 100 km avec 2 batteries<\/span><br \/><span>\u2013 Batterie au Lithium amovible 10 Kg<\/span><br \/><span>\u2013 Dur\u00e9e de vie de la batterie : 900 cycles (environ 40 000 km)<\/span><br \/><span>\u2013 Garantie deux ans (scooter et batterie)<\/span><\/p>[\/et_pb_blurb][et_pb_text _builder_version=&#8221;4.27.4&#8243; _dynamic_attributes=&#8221;link_option_url&#8221; _module_preset=&#8221;default&#8221; text_font=&#8221;||||||||&#8221; text_font_size=&#8221;16px&#8221; link_font=&#8221;||||||||&#8221; link_option_url=&#8221;@ET-DC@eyJkeW5hbWljIjp0cnVlLCJjb250ZW50IjoicG9zdF9saW5rX3VybF9wYWdlIiwic2V0dGluZ3MiOnsicG9zdF9pZCI6IjU3MiJ9fQ==@&#8221; global_colors_info=&#8221;{}&#8221; text_text_color__hover_enabled=&#8221;on|hover&#8221; text_text_color__hover=&#8221;#3C6F71&#8243;]<p>Voir les autres coloris\u00a0<\/p>[\/et_pb_text][et_pb_button button_url=&#8221;@ET-DC@eyJkeW5hbWljIjp0cnVlLCJjb250ZW50IjoicG9zdF9saW5rX3VybF9wYWdlIiwic2V0dGluZ3MiOnsicG9zdF9pZCI6IjU0In19@&#8221; button_text=&#8221;Ajouter au panier&#8221; _builder_version=&#8221;4.27.4&#8243; _dynamic_attributes=&#8221;button_url&#8221; _module_preset=&#8221;default&#8221; custom_button=&#8221;on&#8221; button_icon=&#8221;&#x50;||divi||400&#8243; global_colors_info=&#8221;{}&#8221;][\/et_pb_button][\/et_pb_column][\/et_pb_row][et_pb_row column_structure=&#8221;1_2,1_2&#8243; _builder_version=&#8221;4.27.4&#8243; _module_preset=&#8221;default&#8221; global_colors_info=&#8221;{}&#8221;][et_pb_column type=&#8221;1_2&#8243; _builder_version=&#8221;4.27.4&#8243; _module_preset=&#8221;default&#8221; global_colors_info=&#8221;{}&#8221;][et_pb_blurb title=&#8221;Scooter 2Twenty Roma 4800 125cc &#8211; Gris Argent\u00e9&#8221; _builder_version=&#8221;4.27.4&#8243; _module_preset=&#8221;default&#8221; header_level=&#8221;h2&#8243; header_text_color=&#8221;#3C6F71&#8243; body_font_size=&#8221;17px&#8221; global_colors_info=&#8221;{}&#8221;]<p><span>Scooter \u00e9lectrique \u00e0 deux places, n\u00e9cessite permis A1 (deux roues), \u00e9quivalent 125 cc<br \/>\u2013 Vitesse max : 80 km\/h<br \/>\u2013 Puissance : 4 800 Watts<br \/>\u2013 Autonomie : 80 km avec 2 batteries<br \/>\u2013 Batteries au Lithium amovible 10 Kg<br \/>\u2013 Dur\u00e9e de vie de la batterie : 900 cycles (environ 60 000 km pour deux batteries)<br \/>\u2013 Garantie deux ans (scooter et batterie)<br \/><\/span><\/p>[\/et_pb_blurb][et_pb_button button_url=&#8221;@ET-DC@eyJkeW5hbWljIjp0cnVlLCJjb250ZW50IjoicG9zdF9saW5rX3VybF9wYWdlIiwic2V0dGluZ3MiOnsicG9zdF9pZCI6IjU0In19@&#8221; button_text=&#8221;Ajouter au panier&#8221; _builder_version=&#8221;4.27.4&#8243; _dynamic_attributes=&#8221;button_url&#8221; _module_preset=&#8221;default&#8221; custom_button=&#8221;on&#8221; button_icon=&#8221;&#x50;||divi||400&#8243; global_colors_info=&#8221;{}&#8221;][\/et_pb_button][\/et_pb_column][et_pb_column _builder_version=&#8221;4.27.4&#8243; _module_preset=&#8221;default&#8221; type=&#8221;1_2&#8243;][et_pb_image src=&#8221;http:\/\/www.great4mobility.com\/wp-content\/uploads\/2025\/04\/Sans_titre-2-removebg-preview-300&#215;169.png&#8221; title_text=&#8221;2Twenty- gris &#8221; _builder_version=&#8221;4.27.4&#8243; _module_preset=&#8221;default&#8221; min_height=&#8221;100px&#8221; global_colors_info=&#8221;{}&#8221; sticky_enabled=&#8221;0&#8243; hover_enabled=&#8221;0&#8243; force_fullwidth=&#8221;on&#8221;][\/et_pb_image][\/et_pb_column][\/et_pb_row][et_pb_row _builder_version=&#8221;4.27.4&#8243; _module_preset=&#8221;default&#8221; background_color=&#8221;#F6F6F6&#8243; global_colors_info=&#8221;{}&#8221;][et_pb_column type=&#8221;4_4&#8243; _builder_version=&#8221;4.27.4&#8243; _module_preset=&#8221;default&#8221; global_colors_info=&#8221;{}&#8221;][et_pb_blurb title=&#8221;Description&#8221; content_max_width=&#8221;1100px&#8221; _builder_version=&#8221;4.27.4&#8243; _module_preset=&#8221;default&#8221; header_font=&#8221;|||on|||||&#8221; header_text_align=&#8221;left&#8221; body_text_align=&#8221;left&#8221; body_font_size=&#8221;17px&#8221; global_colors_info=&#8221;{}&#8221;]<p>Voici le nouvel arrivant de la famille 2Twenty : le Roma 4800, notre premier scooter \u00e9lectrique \u00e9quivalent 125 cc !<br \/>On y retrouve la m\u00eame carrosserie au design r\u00e9tro ind\u00e9modable que le<span>\u00a0<\/span><a href=\"https:\/\/www.2twentyscooters.com\/produit\/scooter-electrique-2twenty-roma-argente\/\">Roma 2900<\/a><span>\u00a0<\/span>ainsi que toutes les innovations issues de la s\u00e9rie 3 (deux modes d\u2019acc\u00e9l\u00e9ration, fonction TRIP, phares LED, etc\u2026) port\u00e9es par un nouveau moteur de 4 800 Watts qui vous permettra de monter jusqu\u2019\u00e0 80 km\/h. Et ce n\u2019est pas tout, le Roma 4800 inclut les autres nouveaut\u00e9s suivantes par rapport au 2900 :<br \/>\u2013 Roues de 12 pouces au lieu de 10<br \/>\u2013 Amortisseurs avant et arri\u00e8re renforc\u00e9s<br \/>\u2013 Freins CBS (Combined Braking System) r\u00e9partiteur de freinage<br \/>\u2013 Double contr\u00f4leur (un par batterie)<br \/>\u2013 Livr\u00e9 avec un chargeur standard (6h) et un chargeur rapide (2h)<\/p>\n<p>Le Roma 4800 n\u00e9cessite deux batteries mont\u00e9es en parall\u00e8le pour rouler. Comme dans le 2900, il s\u2019agit de batteries Lithium amovibles de 72V\/20Ah et pesant environ 10kg chacune qui viennent se loger sous la selle et se rechargent sur n\u2019importe quelle prise standard 220 V. Elles assurent une autonomie d\u2019environ 80km et poss\u00e8dent chacune un indicateur de charge LED directement sur la batterie ainsi que leur propre disjoncteur diff\u00e9rentiel \u00e0 l\u2019int\u00e9rieur du scooter.<br \/>\u00c9tant donn\u00e9 la puissance du moteur, il est n\u00e9cessaire d\u2019\u00eatre titulaire d\u2019un permis A1 deux roues (accessible d\u00e8s 16ans) pour conduire le Roma 4800.<br \/>Si vous souhaitez un scooter qui allie la puissance d\u2019un \u00e9quivalent 125 cc au confort d\u2019utilisation d\u2019un scooter \u00e9lectrique tout en respectant l\u2019environnement et en ne n\u00e9cessitant pas de r\u00e9vision, le Roma 4800 est fait pour vous !<\/p>\n<p>3 modes de conduites que l\u2019on s\u00e9lectionne sur le bouton \u00ab\u00a0Mode\u00a0\u00bb situ\u00e9 sur la poign\u00e9e gauche (photo).<br \/>\u2013 Mode 1 : vitesse max. : 55 km\/h<br \/>\u2013 Mode 2 : vitesse max. : 65 km\/h<br \/>\u2013 Mode 3 : vitesse max : 80 km\/h<\/p>[\/et_pb_blurb][\/et_pb_column][\/et_pb_row][et_pb_row _builder_version=&#8221;4.27.4&#8243; _module_preset=&#8221;default&#8221; global_colors_info=&#8221;{}&#8221;][et_pb_column type=&#8221;4_4&#8243; _builder_version=&#8221;4.27.4&#8243; _module_preset=&#8221;default&#8221; global_colors_info=&#8221;{}&#8221;][et_pb_blurb title=&#8221;INFO TECHNIQUE &#8221; content_max_width=&#8221;1100px&#8221; _builder_version=&#8221;4.27.4&#8243; _module_preset=&#8221;default&#8221; header_text_align=&#8221;left&#8221; body_text_align=&#8221;left&#8221; body_font_size=&#8221;17px&#8221; global_colors_info=&#8221;{}&#8221;]<p>\u2013 Vitesse max : 80 km\/h<br \/>\u2013 Autonomie : 80 km<br \/>\u2013 Garantie : 2 ans (scooter et batterie)<br \/>\u2013 2 modes d\u2019acc\u00e9l\u00e9ration : sport (acc\u00e9l\u00e9ration forte) ou \u00e9conomie d\u2019\u00e9nergie (acc\u00e9l\u00e9ration douce) \u2013<span>\u00a0<\/span><a href=\"https:\/\/youtu.be\/g5Cn0TvuDmk\">Cliquez ici pour voir le proc\u00e9d\u00e9<\/a><br \/>\u2013 2 Batteries Lithium amovible 72V\/20 Ah avec t\u00e9moin de charge \u00e0 LED int\u00e9gr\u00e9. N\u00e9cessite les deux branch\u00e9es en parall\u00e8le pour rouler.<br \/>\u2013 Niveau de charge pr\u00e9cis indiqu\u00e9 en % sur le compteur (BMS communiquant) pour chaque batterie<br \/>\u2013 Fonction TRIP avec bouton de droite sur le guidon<br \/>\u2013 Temps de charge : 50% en 2 h et 100% en 6 h. On peut brancher le chargeur directement sur la batterie ou sur la prise plac\u00e9e dans la bo\u00eete \u00e0 gants lat\u00e9rale.<br \/>\u2013 Nombre de cycles : 900 (soit environ 60 000 km pour les deux batteries)<br \/>\u2013 Puissance moteur : 4 800 Watts<br \/>\u2013 Couple moteur : 67.6 Nm<br \/>\u2013 Consommation\/100 km : 3.5 kWh<br \/>\u2013 Frein avant et arri\u00e8re \u00e0 disque avec \u00e9trier hydraulique \u00e0 double piston, technologie CBS (r\u00e9partiteur de freinage)<br \/>\u2013 Amortisseurs avant chrom\u00e9s \u00e0 ressort &amp; piston<br \/>\u2013 Phares avant et arri\u00e8re \u00e0 LED basse consommation<br \/>\u2013 Pneus : 3,5-12\u2033 Tubeless<br \/>\u2013 Pression pneu : avant 2,8 bar \/ arri\u00e8re 2,8 bar<br \/>\u2013 Poids (avec batteries) : 90 kg<br \/>\u2013 Poids de la batterie : 10 kg<br \/>\u2013 Poids maximum embarqu\u00e9 : 150 Kg<br \/>\u2013 Longueur 189 cm<br \/>\u2013 Largeur : 78.5 cm<br \/>\u2013 Hauteur : 111 cm (sch\u00e9ma joint)<br \/>\u2013 Hauteur de selle : 82 cm<br \/>\u2013 Couleur : gris argent\u00e9 \u2013 Pantone code : Cool Gray 10C<\/p>\n<p><strong>Important<\/strong><span>\u00a0<\/span>: bien v\u00e9rifier la pression des pneus : 2,8 bar \u00e0 l\u2019avant et \u00e0 l\u2019arri\u00e8re. Si les pneus ne sont pas suffisamment gonfl\u00e9s, cela diminue la vitesse max ainsi que l\u2019autonomie.<\/p>[\/et_pb_blurb][\/et_pb_column][\/et_pb_row][et_pb_row _builder_version=&#8221;4.27.4&#8243; _module_preset=&#8221;default&#8221; background_color=&#8221;#F6F6F6&#8243; global_colors_info=&#8221;{}&#8221;][et_pb_column type=&#8221;4_4&#8243; _builder_version=&#8221;4.27.4&#8243; _module_preset=&#8221;default&#8221; global_colors_info=&#8221;{}&#8221;][et_pb_blurb title=&#8221;Info administrative pour immatriculation&#8221; content_max_width=&#8221;1100px&#8221; _builder_version=&#8221;4.27.4&#8243; _module_preset=&#8221;default&#8221; header_font=&#8221;|||on|||||&#8221; header_text_align=&#8221;left&#8221; body_text_align=&#8221;left&#8221; body_font_size=&#8221;17px&#8221; hover_enabled=&#8221;0&#8243; global_colors_info=&#8221;{}&#8221; sticky_enabled=&#8221;0&#8243;]<p><span>\u2013 Marque (D.1) : 2TWENTY<\/span><br \/><span>\u2013 Num\u00e9ro de R\u00e9ception (K) : e13*168\/2013*00903*00 \u2013 Date : 27\/07\/2020<\/span><br \/><span>\u2013 Type-Variante-Version (D.2) : L-SE001<\/span><br \/><span>\u2013 CNIT \/ Code National d\u2019Identification du Type (D.2.1) : L3EGKFML000J017<\/span><br \/><span>\u2013 D\u00e9nomination commerciale (D.3) : L-S<\/span><br \/><span>\u2013 Cat\u00e9gorie du v\u00e9hicule CE (J) : L3e-A1<\/span><br \/><span>\u2013 Genre national (J.1) : MTL<\/span><br \/><span>\u2013 Num\u00e9ro d\u2019identification du v\u00e9hicule ou VIN (E) : figure sur le certificat (document jaune) d\u00e9livr\u00e9 avec le scooter, commence par LXRBE3GW\u2026<\/span><\/p>[\/et_pb_blurb][\/et_pb_column][\/et_pb_row][et_pb_row _builder_version=&#8221;4.27.4&#8243; _module_preset=&#8221;default&#8221; global_colors_info=&#8221;{}&#8221;][et_pb_column type=&#8221;4_4&#8243; _builder_version=&#8221;4.27.4&#8243; _module_preset=&#8221;default&#8221; global_colors_info=&#8221;{}&#8221;][et_pb_text _builder_version=&#8221;4.27.4&#8243; _module_preset=&#8221;default&#8221; global_colors_info=&#8221;{}&#8221;]<h3 class=\"elementor-heading-title elementor-size-default\" style=\"text-align: center;\">TECHNOLOGIE<\/h3>[\/et_pb_text][\/et_pb_column][\/et_pb_row][et_pb_row column_structure=&#8221;1_4,1_4,1_4,1_4&#8243; _builder_version=&#8221;4.27.4&#8243; _module_preset=&#8221;default&#8221; global_colors_info=&#8221;{}&#8221;][et_pb_column type=&#8221;1_4&#8243; _builder_version=&#8221;4.27.4&#8243; _module_preset=&#8221;default&#8221; global_colors_info=&#8221;{}&#8221;][et_pb_blurb title=&#8221;HOMOLOGU\u00c9 CE&#8221; _builder_version=&#8221;4.27.4&#8243; _module_preset=&#8221;default&#8221; global_colors_info=&#8221;{}&#8221;]<p><span>Freins avant &amp; arri\u00e8re \u00e0 disque<\/span><br \/><span>Phares et clignotants \u00e0 LED<\/span><br \/><span>Poids (sans batterie) : 70kg<\/span><br \/><span>Charge max : 150kg<\/span><br \/><span>Garantie 2 ans<\/span><br \/><span>Moteur dans roue arri\u00e8re (ni cha\u00eene ni courroie)<\/span><\/p>[\/et_pb_blurb][\/et_pb_column][et_pb_column type=&#8221;1_4&#8243; _builder_version=&#8221;4.27.4&#8243; _module_preset=&#8221;default&#8221; global_colors_info=&#8221;{}&#8221;][et_pb_blurb title=&#8221;MOD\u00c8LE ROMA 2900&#8243; _builder_version=&#8221;4.27.4&#8243; _module_preset=&#8221;default&#8221; global_colors_info=&#8221;{}&#8221;]<p><span>Scooter 2 places \u00e9quivalent 50 cc\u00a0<\/span><br \/><span>Moteur 2 900 Watts\u00a0<\/span><br \/><span>Vitesse max : 45 km\/h<\/span><br \/><span>Peut embarquer 1 ou 2 batteries<\/span><br \/><span>Autonomie : 50 km par batterie<\/span><br \/><span>Pneus 10\u2033 Tubeless<\/span><\/p>[\/et_pb_blurb][\/et_pb_column][et_pb_column type=&#8221;1_4&#8243; _builder_version=&#8221;4.27.4&#8243; _module_preset=&#8221;default&#8221; global_colors_info=&#8221;{}&#8221;][et_pb_blurb title=&#8221;MOD\u00c8LE ROMA 4800&#8243; content_max_width=&#8221;481px&#8221; _builder_version=&#8221;4.27.4&#8243; _module_preset=&#8221;default&#8221; global_colors_info=&#8221;{}&#8221;]<p><span>Scooter 2 places \u00e9quivalent 125 cc\u00a0<\/span><br \/><span>Moteur 4 800 Watts\u00a0<\/span><br \/><span>Vitesse max : 80 km\/h<\/span><br \/><span>Fonctionne avec 2 batteries<\/span><br \/><span>Autonomie : 80 km (2 batteries)<\/span><br \/><span>Syst\u00e8me de freinage CBS<\/span><br \/><span>Pneus 12\u2033 Tubeless<\/span><\/p>[\/et_pb_blurb][\/et_pb_column][et_pb_column type=&#8221;1_4&#8243; _builder_version=&#8221;4.27.4&#8243; _module_preset=&#8221;default&#8221; global_colors_info=&#8221;{}&#8221;][et_pb_blurb title=&#8221;BATTERIE LITHIUM AMOVIBLE&#8221; content_max_width=&#8221;769px&#8221; _builder_version=&#8221;4.27.4&#8243; _module_preset=&#8221;default&#8221; width=&#8221;100%&#8221; max_width=&#8221;100%&#8221; module_alignment=&#8221;left&#8221; global_colors_info=&#8221;{}&#8221;]<p><span>Capacit\u00e9 : 72 V\/20 Ah \u2013 1,44 kWh\u00a0<\/span><br \/><span>Poids de la batterie : 10 kg<\/span><br \/><span>Temps de charge :<\/span><br \/><span>Chargeur standard (3A) : 6h<\/span><br \/><span>Chargeur rapide (10A) : 2h<\/span><br \/><span>Chargeable sur prise 220V<\/span><br \/><span>Co\u00fbt d\u2019une charge : environ 0,22\u20ac<\/span><br \/><span>Dur\u00e9e de vie : 900 cycles<\/span><\/p>[\/et_pb_blurb][\/et_pb_column][\/et_pb_row][\/et_pb_section]\n","protected":false},"excerpt":{"rendered":"<p>Scooter \u00e9lectrique \u00e0 deux places, sans permis, \u00e9quivalent 50 cc\u2013 Vitesse max : 45 km\/h\u2013 Puissance : 2 900 Watts\u2013 Autonomie : 50 km avec 1 batterie, 100 km avec 2 batteries\u2013 Batterie au Lithium amovible 10 Kg\u2013 Dur\u00e9e de vie de la batterie : 900 cycles (environ 40 000 km)\u2013 Garantie deux ans (scooter [&hellip;]<\/p>\n","protected":false},"author":2,"featured_media":0,"parent":0,"menu_order":0,"comment_status":"closed","ping_status":"closed","template":"","meta":{"_et_pb_use_builder":"on","_et_pb_old_content":"<!-- wp:divi\/placeholder \/-->","_et_gb_content_width":"","footnotes":""},"class_list":["post-572","page","type-page","status-publish","hentry"],"yoast_head":"<!-- This site is optimized with the Yoast SEO plugin v27.4 - https:\/\/yoast.com\/product\/yoast-seo-wordpress\/ -->\n<title>2Twenty - Scooter Roma 2900 Watts - G4m - GREAT4mobility<\/title>\n<meta name=\"robots\" content=\"index, follow, max-snippet:-1, max-image-preview:large, max-video-preview:-1\" \/>\n<link rel=\"canonical\" href=\"https:\/\/www.great4mobility.com\/index.php\/retro\/\" \/>\n<meta property=\"og:locale\" content=\"en_US\" \/>\n<meta property=\"og:type\" content=\"article\" \/>\n<meta property=\"og:title\" content=\"2Twenty - Scooter Roma 2900 Watts - G4m - GREAT4mobility\" \/>\n<meta property=\"og:description\" content=\"Scooter \u00e9lectrique \u00e0 deux places, sans permis, \u00e9quivalent 50 cc\u2013 Vitesse max : 45 km\/h\u2013 Puissance : 2 900 Watts\u2013 Autonomie : 50 km avec 1 batterie, 100 km avec 2 batteries\u2013 Batterie au Lithium amovible 10 Kg\u2013 Dur\u00e9e de vie de la batterie : 900 cycles (environ 40 000 km)\u2013 Garantie deux ans (scooter [&hellip;]\" \/>\n<meta property=\"og:url\" content=\"https:\/\/www.great4mobility.com\/index.php\/retro\/\" \/>\n<meta property=\"og:site_name\" content=\"G4m - GREAT4mobility\" \/>\n<meta property=\"article:modified_time\" content=\"2025-04-30T09:22:38+00:00\" \/>\n<meta name=\"twitter:card\" content=\"summary_large_image\" \/>\n<meta name=\"twitter:label1\" content=\"Est. reading time\" \/>\n\t<meta name=\"twitter:data1\" content=\"6 minutes\" \/>\n<script type=\"application\/ld+json\" class=\"yoast-schema-graph\">{\"@context\":\"https:\\\/\\\/schema.org\",\"@graph\":[{\"@type\":\"WebPage\",\"@id\":\"https:\\\/\\\/www.great4mobility.com\\\/index.php\\\/retro\\\/\",\"url\":\"https:\\\/\\\/www.great4mobility.com\\\/index.php\\\/retro\\\/\",\"name\":\"2Twenty - Scooter Roma 2900 Watts - G4m - GREAT4mobility\",\"isPartOf\":{\"@id\":\"http:\\\/\\\/www.great4mobility.com\\\/#website\"},\"datePublished\":\"2025-03-25T14:57:36+00:00\",\"dateModified\":\"2025-04-30T09:22:38+00:00\",\"breadcrumb\":{\"@id\":\"https:\\\/\\\/www.great4mobility.com\\\/index.php\\\/retro\\\/#breadcrumb\"},\"inLanguage\":\"en-US\",\"potentialAction\":[{\"@type\":\"ReadAction\",\"target\":[\"https:\\\/\\\/www.great4mobility.com\\\/index.php\\\/retro\\\/\"]}]},{\"@type\":\"BreadcrumbList\",\"@id\":\"https:\\\/\\\/www.great4mobility.com\\\/index.php\\\/retro\\\/#breadcrumb\",\"itemListElement\":[{\"@type\":\"ListItem\",\"position\":1,\"name\":\"Accueil\",\"item\":\"http:\\\/\\\/www.great4mobility.com\\\/\"},{\"@type\":\"ListItem\",\"position\":2,\"name\":\"2Twenty &#8211; Scooter Roma 2900 Watts\"}]},{\"@type\":\"WebSite\",\"@id\":\"http:\\\/\\\/www.great4mobility.com\\\/#website\",\"url\":\"http:\\\/\\\/www.great4mobility.com\\\/\",\"name\":\"G4m - GREAT4mobility\",\"description\":\"Fabricant de s\u00e9r\u00e9nit\u00e9 urbaine\",\"potentialAction\":[{\"@type\":\"SearchAction\",\"target\":{\"@type\":\"EntryPoint\",\"urlTemplate\":\"http:\\\/\\\/www.great4mobility.com\\\/?s={search_term_string}\"},\"query-input\":{\"@type\":\"PropertyValueSpecification\",\"valueRequired\":true,\"valueName\":\"search_term_string\"}}],\"inLanguage\":\"en-US\"}]}<\/script>\n<!-- \/ Yoast SEO plugin. -->","yoast_head_json":{"title":"2Twenty - Scooter Roma 2900 Watts - G4m - GREAT4mobility","robots":{"index":"index","follow":"follow","max-snippet":"max-snippet:-1","max-image-preview":"max-image-preview:large","max-video-preview":"max-video-preview:-1"},"canonical":"https:\/\/www.great4mobility.com\/index.php\/retro\/","og_locale":"en_US","og_type":"article","og_title":"2Twenty - Scooter Roma 2900 Watts - G4m - GREAT4mobility","og_description":"Scooter \u00e9lectrique \u00e0 deux places, sans permis, \u00e9quivalent 50 cc\u2013 Vitesse max : 45 km\/h\u2013 Puissance : 2 900 Watts\u2013 Autonomie : 50 km avec 1 batterie, 100 km avec 2 batteries\u2013 Batterie au Lithium amovible 10 Kg\u2013 Dur\u00e9e de vie de la batterie : 900 cycles (environ 40 000 km)\u2013 Garantie deux ans (scooter [&hellip;]","og_url":"https:\/\/www.great4mobility.com\/index.php\/retro\/","og_site_name":"G4m - GREAT4mobility","article_modified_time":"2025-04-30T09:22:38+00:00","twitter_card":"summary_large_image","twitter_misc":{"Est. reading time":"6 minutes"},"schema":{"@context":"https:\/\/schema.org","@graph":[{"@type":"WebPage","@id":"https:\/\/www.great4mobility.com\/index.php\/retro\/","url":"https:\/\/www.great4mobility.com\/index.php\/retro\/","name":"2Twenty - Scooter Roma 2900 Watts - G4m - GREAT4mobility","isPartOf":{"@id":"http:\/\/www.great4mobility.com\/#website"},"datePublished":"2025-03-25T14:57:36+00:00","dateModified":"2025-04-30T09:22:38+00:00","breadcrumb":{"@id":"https:\/\/www.great4mobility.com\/index.php\/retro\/#breadcrumb"},"inLanguage":"en-US","potentialAction":[{"@type":"ReadAction","target":["https:\/\/www.great4mobility.com\/index.php\/retro\/"]}]},{"@type":"BreadcrumbList","@id":"https:\/\/www.great4mobility.com\/index.php\/retro\/#breadcrumb","itemListElement":[{"@type":"ListItem","position":1,"name":"Accueil","item":"http:\/\/www.great4mobility.com\/"},{"@type":"ListItem","position":2,"name":"2Twenty &#8211; Scooter Roma 2900 Watts"}]},{"@type":"WebSite","@id":"http:\/\/www.great4mobility.com\/#website","url":"http:\/\/www.great4mobility.com\/","name":"G4m - GREAT4mobility","description":"Fabricant de s\u00e9r\u00e9nit\u00e9 urbaine","potentialAction":[{"@type":"SearchAction","target":{"@type":"EntryPoint","urlTemplate":"http:\/\/www.great4mobility.com\/?s={search_term_string}"},"query-input":{"@type":"PropertyValueSpecification","valueRequired":true,"valueName":"search_term_string"}}],"inLanguage":"en-US"}]}},"jetpack_sharing_enabled":true,"_links":{"self":[{"href":"https:\/\/www.great4mobility.com\/index.php\/wp-json\/wp\/v2\/pages\/572","targetHints":{"allow":["GET"]}}],"collection":[{"href":"https:\/\/www.great4mobility.com\/index.php\/wp-json\/wp\/v2\/pages"}],"about":[{"href":"https:\/\/www.great4mobility.com\/index.php\/wp-json\/wp\/v2\/types\/page"}],"author":[{"embeddable":true,"href":"https:\/\/www.great4mobility.com\/index.php\/wp-json\/wp\/v2\/users\/2"}],"replies":[{"embeddable":true,"href":"https:\/\/www.great4mobility.com\/index.php\/wp-json\/wp\/v2\/comments?post=572"}],"version-history":[{"count":9,"href":"https:\/\/www.great4mobility.com\/index.php\/wp-json\/wp\/v2\/pages\/572\/revisions"}],"predecessor-version":[{"id":681,"href":"https:\/\/www.great4mobility.com\/index.php\/wp-json\/wp\/v2\/pages\/572\/revisions\/681"}],"wp:attachment":[{"href":"https:\/\/www.great4mobility.com\/index.php\/wp-json\/wp\/v2\/media?parent=572"}],"curies":[{"name":"wp","href":"https:\/\/api.w.org\/{rel}","templated":true}]}}